{"id":3001,"date":"2022-05-29T22:23:21","date_gmt":"2022-05-29T20:23:21","guid":{"rendered":"https:\/\/cerenef.org\/?page_id=3001"},"modified":"2023-12-11T16:32:42","modified_gmt":"2023-12-11T15:32:42","slug":"plan-du-site","status":"publish","type":"page","link":"https:\/\/cerenef.org\/en\/plan-du-site\/","title":{"rendered":"Site map"},"content":{"rendered":"<h3><strong>Categories and posts<\/strong><\/h3>\n<p><strong>Category:<\/strong> <a title=\"News\" href=\"https:\/\/cerenef.org\/en\/Cat\u00e9gorie\/actualites\/\">News<\/a><\/p>\n<ul>\n<li><a href=\"https:\/\/cerenef.org\/en\/jdp-2023\/\">JDP 2023<\/a><\/li>\n<li><a href=\"https:\/\/cerenef.org\/en\/podcasts\/\">Podcasts<\/a><\/li>\n<\/ul>\n<p><strong>Category:<\/strong> <a title=\"CERENEF\" href=\"https:\/\/cerenef.org\/en\/Cat\u00e9gorie\/le-cerenef\/\">CERENEF<\/a><\/p>\n<ul>\n<li><a href=\"https:\/\/cerenef.org\/en\/presentation-centre-neurofibromatoses\/\">Presentation of CERENEF<\/a><\/li>\n<li><a href=\"https:\/\/cerenef.org\/en\/missions-centre-neurofibromatoses\/\">Missions<\/a><\/li>\n<li><a href=\"https:\/\/cerenef.org\/en\/contact\/\">Team<\/a><\/li>\n<li><a href=\"https:\/\/cerenef.org\/en\/presentation-centre-neurofibromatoses\/\">Publications<\/a><\/li>\n<li><a href=\"https:\/\/cerenef.org\/en\/contact\/\">Contact us<\/a><\/li>\n<\/ul>\n<p><strong>Category:<\/strong> <a title=\"Schwannomatoses\" href=\"https:\/\/cerenef.org\/en\/category\/les-neurofibromatoses\/\">Neurofibromatosis<\/a><\/p>\n<ul>\n<li><a href=\"https:\/\/cerenef.org\/en\/comprendre-les-neurofibromatoses\/\">Understand neurofibromatosis<\/a><\/li>\n<li><a href=\"https:\/\/cerenef.org\/en\/neurofibromatose-de-type-1\/\">Neurofibromatosis type 1<\/a><\/li>\n<li><a href=\"https:\/\/cerenef.org\/en\/neurofibromatose-de-type-2\/\">Neurofibromatosis type 2<\/a><\/li>\n<li><a href=\"https:\/\/cerenef.org\/en\/schwannomatoses\/\">Schwannomatoses<\/a><\/li>\n<li><a href=\"https:\/\/cerenef.org\/en\/formes-mosaiques-neurofibromatoses\/\">Mosaic forms<\/a><\/li>\n<li><a href=\"https:\/\/cerenef.org\/en\/genetique-neurofibromatoses\/\">Genetics<\/a><\/li>\n<\/ul>\n<p><strong>Category:<\/strong> <a title=\"Living with NF1\" href=\"https:\/\/cerenef.org\/en\/Cat\u00e9gorie\/vivre-avec-une-nf1\/\">Living with NF1<\/a><\/p>\n<ul>\n<li><a href=\"https:\/\/cerenef.org\/en\/comprendre-le-conseil-genetique-neurofibromatose-de-type-1\/\">Referral Centre for Neurofibromatosis France<\/a><\/li>\n<li><a href=\"https:\/\/cerenef.org\/en\/prise-en-charge-neurofibromatose-de-type-1\/\">Patient care<\/a><\/li>\n<li><a href=\"https:\/\/cerenef.org\/en\/education-therapeutique-neurofibromatoses\/\">Participate in a TPE program<\/a><\/li>\n<li><a href=\"https:\/\/cerenef.org\/en\/recherche-epidemiologique-neurofibromatose-type-1\/\">Epidemiologic research<\/a><\/li>\n<li><a href=\"https:\/\/cerenef.org\/en\/associations-de-patients-neurofibromatoses\/\">Meet other patients<\/a><\/li>\n<li><a href=\"https:\/\/cerenef.org\/en\/demarches-medico-sociales\/\">Mes d\u00e9marches m\u00e9dico-sociales<\/a><\/li>\n<li><a href=\"https:\/\/cerenef.org\/en\/devenir-patient-expert-neurofibromatose-type-1\/\">Become a patient expert<\/a><\/li>\n<li><a href=\"https:\/\/cerenef.org\/en\/recherche-fondamentale-neurofibromatose-type-1\/\">Fundamental research<\/a><\/li>\n<li><a href=\"https:\/\/cerenef.org\/en\/information-vaccination-neurofibromatose-de-type-1\/\">Learn about vaccination<\/a><\/li>\n<\/ul>\n<p><strong>Category:<\/strong> <a title=\"Management of patients with NF1\" href=\"https:\/\/cerenef.org\/en\/Cat\u00e9gorie\/prendre-en-charge-un-patient-avec-une-nf1\/\">Management of patients with NF1<\/a><\/p>\n<ul>\n<li><a href=\"https:\/\/cerenef.org\/en\/rcp-nf1\/\">Hospital professionals<\/a><\/li>\n<li><a href=\"https:\/\/cerenef.org\/en\/prise-en-charge-nf1-en-ville\/\">City professionals<\/a><\/li>\n<li><a href=\"https:\/\/cerenef.org\/en\/documents-pratiques-neurofibromatoses\/\">Useful documentation<\/a><\/li>\n<\/ul>\n<p><strong>Category:<\/strong> <a title=\"Centres\" href=\"https:\/\/cerenef.org\/en\/Cat\u00e9gorie\/les-centres\/\">Centres<\/a><\/p>\n<ul>\n<li><a href=\"https:\/\/cerenef.org\/en\/centres-de-reference-neurofibromatoses-enfants-et-adultes\/\">Referral centres<\/a><\/li>\n<li><a href=\"https:\/\/cerenef.org\/en\/centres-de-competences-neurofibromatoses-enfants\/\">Competence centres (children)<\/a><\/li>\n<li><a href=\"https:\/\/cerenef.org\/en\/centres-de-competences-neurofibromatoses-enfants-et-adultes\/\">Competence centres (children and adults)<\/a><\/li>\n<li><a href=\"https:\/\/cerenef.org\/en\/carte-centres-neurofibromatoses\/\">Interactive map<\/a><\/li>\n<\/ul>\n<p><strong>Category:<\/strong> <a title=\"Research\" href=\"https:\/\/cerenef.org\/en\/Cat\u00e9gorie\/la-recherche\/\">Research<\/a><\/p>\n<ul>\n<li><a href=\"https:\/\/cerenef.org\/en\/recherche-neurofibromatoses-centre-de-reference\/\">Within the referral centre<\/a><\/li>\n<li><a href=\"https:\/\/cerenef.org\/en\/recherche-europeenne-neurofibromatose\/\">European research<\/a><\/li>\n<li><a href=\"https:\/\/cerenef.org\/en\/liste-institutionnelle-recherche-neurofibromatoses\/\">Institutional list<\/a><\/li>\n<\/ul>\n<h3><strong>Pages<\/strong><\/h3>\n<ul>\n<li><a href=\"https:\/\/cerenef.org\/en\/\">Centre de r\u00e9f\u00e9rence des neurofibromatoses (accueil)<\/a><\/li>\n<li><a href=\"https:\/\/cerenef.org\/en\/cookies\/\">Cookies<\/a><\/li>\n<li><a href=\"https:\/\/cerenef.org\/en\/mentions-legales\/\">Legal notices<\/a><\/li>\n<li><a href=\"https:\/\/cerenef.org\/en\/rgdp\/\">GDPR<\/a><\/li>\n<\/ul>","protected":false},"excerpt":{"rendered":"<p>Cat\u00e9gories et articles Cat\u00e9gorie : Actualit\u00e9s JDP 2023 Podcasts Cat\u00e9gorie : Le CERENEF Pr\u00e9sentation du CERENEF Missions L&rsquo;\u00e9quipe Publications Nous contacter Cat\u00e9gorie : Les neurofibromatoses Comprendre les neurofibromatoses La neurofibromatose de type 1 La neurofibromatose de type 2 Les schwannomatoses Les formes mosa\u00efques G\u00e9n\u00e9tique Cat\u00e9gorie : Vivre avec une NF1 Comprendre le conseil g\u00e9n\u00e9tique \u00catre&hellip;&nbsp;<\/p>\n<div class=\"read-more-wrapper\"><a href=\"https:\/\/cerenef.org\/en\/plan-du-site\/\" class=\"button button-secondary\" rel=\"bookmark\">\u279c Read more<span class=\"screen-reader-text\">Site map<\/span><\/a><\/div>","protected":false},"author":1,"featured_media":0,"parent":0,"menu_order":4,"comment_status":"closed","ping_status":"closed","template":"","meta":{"neve_meta_sidebar":"","neve_meta_container":"","neve_meta_enable_content_width":"off","neve_meta_content_width":100,"neve_meta_title_alignment":"","neve_meta_author_avatar":"","neve_post_elements_order":"","neve_meta_disable_header":"","neve_meta_disable_footer":"","neve_meta_disable_title":"","neve_meta_reading_time":"","footnotes":""},"class_list":["post-3001","page","type-page","status-publish","hentry"],"_links":{"self":[{"href":"https:\/\/cerenef.org\/en\/wp-json\/wp\/v2\/pages\/3001","targetHints":{"allow":["GET"]}}],"collection":[{"href":"https:\/\/cerenef.org\/en\/wp-json\/wp\/v2\/pages"}],"about":[{"href":"https:\/\/cerenef.org\/en\/wp-json\/wp\/v2\/types\/page"}],"author":[{"embeddable":true,"href":"https:\/\/cerenef.org\/en\/wp-json\/wp\/v2\/users\/1"}],"replies":[{"embeddable":true,"href":"https:\/\/cerenef.org\/en\/wp-json\/wp\/v2\/comments?post=3001"}],"version-history":[{"count":0,"href":"https:\/\/cerenef.org\/en\/wp-json\/wp\/v2\/pages\/3001\/revisions"}],"wp:attachment":[{"href":"https:\/\/cerenef.org\/en\/wp-json\/wp\/v2\/media?parent=3001"}],"curies":[{"name":"wp","href":"https:\/\/api.w.org\/{rel}","templated":true}]}}