{"id":35,"date":"2021-11-27T14:14:13","date_gmt":"2021-11-27T13:14:13","guid":{"rendered":"https:\/\/cerenef.org\/?page_id=35"},"modified":"2024-01-09T13:57:45","modified_gmt":"2024-01-09T12:57:45","slug":"rgpd","status":"publish","type":"page","link":"https:\/\/cerenef.org\/en\/rgpd\/","title":{"rendered":"GDPR"},"content":{"rendered":"<p><strong>INTRODUCTION<\/strong><\/p>\n<p>Le site (et ses sous-domaines) \u00ab cerenef.org \u00bb est engag\u00e9 dans une d\u00e9marche continue de conformit\u00e9 avec le r\u00e8glement g\u00e9n\u00e9ral sur la protection des donn\u00e9es du 27 avril 2016. Avec ce nouveau r\u00e8glement le site \u00ab cerenef.org \u00bb renforce sa politique de protection de donn\u00e9es personnelles afin que les donn\u00e9es de ses utilisateurs soient collect\u00e9es et utilis\u00e9es de mani\u00e8re transparente, confidentielle et s\u00e9curis\u00e9e.<\/p>\n<p><strong>DATA PROTECTION POLICY<br \/>\n<\/strong><\/p>\n<p>Notre politique de protection des donn\u00e9es personnelles d\u00e9crit la mani\u00e8re dont le site \u00ab cerenef.org \u00bb traite les donn\u00e9es \u00e0 caract\u00e8re personnel des visiteurs et des utilisateurs (ci- apr\u00e8s les \u00ab utilisateurs \u00bb) lors de leur navigation sur notre site \u00ab cerenef.org \u00bb (ci-apr\u00e8s le \u00ab site \u00bb).<\/p>\n<p>Le site \u00ab cerenef.org \u00bb accorde en permanence une attention aux donn\u00e9es de nos utilisateurs. Nous pouvons ainsi \u00eatre amen\u00e9s \u00e0 modifier, compl\u00e9ter ou mettre \u00e0 jour la politique de protection des donn\u00e9es personnelles.<\/p>\n<p>We encourage you to regularly review the latest version available on our website. If major changes are made, we will inform you by e-mail or through our services to allow you to review the changes before they take effect.<\/p>\n<p>If you continue to use our services after we post or send you notice of changes to the Privacy Policy, this means that you accept the updates.<\/p>\n<p><strong>WHAT PERSONAL DATA IS COLLECTED AND WHY?<\/strong><\/p>\n<p>When you use our site, we collect and process personal data about you such as: your name, surname, telephone number and e-mail address when you fill in our contact form.<br \/>\nLe site \u00ab cerenef.org \u00bb utilise des m\u00e9thodes de learning analytics permettant d&rsquo;analyser le nombre de visites, le parcours et les int\u00e9r\u00eats de nos visiteurs, ainsi que leur fr\u00e9quence de retour. Nous utilisons ces donn\u00e9es dans le but d&rsquo;am\u00e9liorer nos contenus et en aucun cas \u00e0 des fins commerciales.<\/p>\n<p><strong>WHY DO WE USE COOKIES?<\/strong><\/p>\n<p>Please refer to the page <a href=\"https:\/\/cerenef.org\/en\/cookies\/\">Cookies<\/a> to find out more.<\/p>\n<p><strong>HOW LONG WILL PERSONAL DATA BE STORED?<\/strong><\/p>\n<p>Les donn\u00e9es \u00e0 caract\u00e8re personnel communiqu\u00e9es par les utilisateurs du site \u00ab cerenef.org \u00bb seront conserv\u00e9es pour une dur\u00e9e n&rsquo;exc\u00e9dant pas celle n\u00e9cessaire aux finalit\u00e9s pour lesquelles elles sont trait\u00e9es.<\/p>\n<p>In addition, we retain your personal data in accordance with the retention periods imposed by applicable laws.<\/p>\n<p>These retention periods are defined according to the purposes of the processing implemented and take into account, in particular, the applicable legal provisions imposing a specific retention period for certain categories of data, any applicable limitation periods and the recommendations of the CNIL concerning certain categories of data processing (Deliberation No. 2016-264 of 21 July 2016).<\/p>\n<p><strong>WHAT ARE YOUR RIGHTS?<\/strong><\/p>\n<p>Conform\u00e9ment \u00e0 la r\u00e9glementation en vigueur les utilisateurs du site \u00ab cerenef.org \u00bb disposent des droits suivants :<\/p>\n<ul>\n<li>Right of access and rectification of user data.<\/li>\n<li>Updating and completing user data.<\/li>\n<li>The right to block or delete users' personal data if they are inaccurate, incomplete, ambiguous, out of date, or if their collection, use, communication or storage is prohibited.<\/li>\n<li>Right to limit the processing of user data.<\/li>\n<li>Right to object to the processing of personal data.<\/li>\n<\/ul>\n<p>Si vous souhaitez savoir comment le site \u00ab cerenef.org \u00bb utilise ces donn\u00e9es personnelles, demander \u00e0 les rectifier ou s&rsquo;opposer \u00e0 un traitement vous pouvez envoyer un e-mail \u00e0 :<\/p>\n<p><a href=\"mailto:contact@cerenef.org\">contact@cerenef.org<\/a><\/p>\n<p>or send a letter to the attention of Prof. Pierre Wolkenstein at the following address:<\/p>\n<p>CERENEF - CEnter of REference for NEurofibromatoses France<br \/>\n1 rue Gustave Eiffel<br \/>\n94010 Cr\u00e9teil Cedex - France<br \/>\nTel.: +33 (1) 49 81 25 01 - E-mail: <a href=\"mailto:contact@cerenef.org\">contact@cerenef.org<\/a><\/p>\n<p>Enfin les utilisateurs du site \u00ab cerenef.org \u00bb peuvent d\u00e9poser une r\u00e9clamation aupr\u00e8s des autorit\u00e9s de contr\u00f4le, et notamment \u00e0 la CNIL en cliquant sur le lien suivant :<\/p>\n<p><a href=\"https:\/\/www.cnil.fr\/fr\/plaintes\" target=\"_blank\" rel=\"noopener noreferrer\">https:\/\/www.cnil.fr\/fr\/plaintes<\/a><\/p>\n<p>Vos requ\u00eates seront trait\u00e9es sous 30 jours. En compl\u00e9ment de votre demande, nous vous demanderons de joindre une photocopie d&rsquo;un justificatif d&rsquo;identit\u00e9 afin que le site \u00ab cerenef.org \u00bb puisse v\u00e9rifier votre identit\u00e9.<\/p>\n<p>Si vous avez des questions ou des r\u00e9clamations ou si vous souhaitez faire part au site \u00ab cerenef.org \u00bb de recommandations ou des commentaires visant \u00e0 am\u00e9liorer notre politique de protection des donn\u00e9es personnelles vous pouvez envoyer un e-mail \u00e0 :<\/p>\n<p><a href=\"mailto:contact@cerenef.org\">contact@cerenef.org<\/a> or <a href=\"mailto:contact@cerenef.org\">contact@cerenef.org<\/a><\/p>\n<p>or send a letter to the attention of Prof. Pierre Wolkenstein at the following address:<\/p>\n<p>CERENEF - CEnter of REference for NEurofibromatoses France<br \/>\n1 rue Gustave Eiffel<br \/>\n94010 Cr\u00e9teil Cedex - France<br \/>\nTel.: +33 (1) 49 81 25 01 - E-mail: <a href=\"mailto:contact@cerenef.org\">contact@cerenef.org<\/a><\/p>","protected":false},"excerpt":{"rendered":"<p>INTRODUCTION Le site (et ses sous-domaines) \u00ab cerenef.org \u00bb est engag\u00e9 dans une d\u00e9marche continue de conformit\u00e9 avec le r\u00e8glement g\u00e9n\u00e9ral sur la protection des donn\u00e9es du 27 avril 2016. Avec ce nouveau r\u00e8glement le site \u00ab cerenef.org \u00bb renforce sa politique de protection de donn\u00e9es personnelles afin que les donn\u00e9es de ses utilisateurs soient&hellip;&nbsp;<\/p>\n<div class=\"read-more-wrapper\"><a href=\"https:\/\/cerenef.org\/en\/rgpd\/\" class=\"button button-secondary\" rel=\"bookmark\">\u279c Read more<span class=\"screen-reader-text\">GDPR<\/span><\/a><\/div>","protected":false},"author":1,"featured_media":0,"parent":0,"menu_order":5,"comment_status":"closed","ping_status":"closed","template":"","meta":{"neve_meta_sidebar":"","neve_meta_container":"","neve_meta_enable_content_width":"off","neve_meta_content_width":100,"neve_meta_title_alignment":"","neve_meta_author_avatar":"","neve_post_elements_order":"","neve_meta_disable_header":"","neve_meta_disable_footer":"","neve_meta_disable_title":"","neve_meta_reading_time":"","footnotes":""},"class_list":["post-35","page","type-page","status-publish","hentry"],"_links":{"self":[{"href":"https:\/\/cerenef.org\/en\/wp-json\/wp\/v2\/pages\/35","targetHints":{"allow":["GET"]}}],"collection":[{"href":"https:\/\/cerenef.org\/en\/wp-json\/wp\/v2\/pages"}],"about":[{"href":"https:\/\/cerenef.org\/en\/wp-json\/wp\/v2\/types\/page"}],"author":[{"embeddable":true,"href":"https:\/\/cerenef.org\/en\/wp-json\/wp\/v2\/users\/1"}],"replies":[{"embeddable":true,"href":"https:\/\/cerenef.org\/en\/wp-json\/wp\/v2\/comments?post=35"}],"version-history":[{"count":0,"href":"https:\/\/cerenef.org\/en\/wp-json\/wp\/v2\/pages\/35\/revisions"}],"wp:attachment":[{"href":"https:\/\/cerenef.org\/en\/wp-json\/wp\/v2\/media?parent=35"}],"curies":[{"name":"wp","href":"https:\/\/api.w.org\/{rel}","templated":true}]}}