{"id":37,"date":"2021-11-27T14:14:34","date_gmt":"2021-11-27T13:14:34","guid":{"rendered":"https:\/\/cerenef.org\/?page_id=37"},"modified":"2024-01-09T13:59:36","modified_gmt":"2024-01-09T12:59:36","slug":"mentions-legales","status":"publish","type":"page","link":"https:\/\/cerenef.org\/en\/mentions-legales\/","title":{"rendered":"Legal notices"},"content":{"rendered":"<p><strong>EDITION<\/strong><br \/>\nLe site (et ses sous-domaines) \u00ab cerenef.org \u00bb est un site \u00e9dit\u00e9 par le CEntre de Ref\u00e9rence des NEurofibromatoses France (CERENEF),<br \/>\nCERENEF<br \/>\n1 rue Gustave Eiffel<br \/>\n94010 Cr\u00e9teil Cedex - France<br \/>\nTel.: +33 (1) 49 81 25 01 - E-mail: <a href=\"mailto:contact@cerenef.org\">contact@cerenef.org<\/a><\/p>\n<p>Date de mise en ligne : 30\/05\/2022.<br \/>\nDate de r\u00e9vision : 18\/06\/2023.<\/p>\n<p><strong>COORDINATION AND DIRECTION OF THE PUBLICATION<\/strong><br \/>\nPr Pierre Wolkenstein et Dr Laura Fertitta.<\/p>\n<p><strong>HOSTING: IDENTIFICATION OF PUBLISHERS AND HEAD OFFICE<\/strong><br \/>\n<strong>EDITOR<\/strong><br \/>\n1&amp;1 IONOS Cloud GmbH<br \/>\nGreifswalder Str. 207<br \/>\n10405 Berlin \u2013 Germany<\/p>\n<p>GmbH with a capital of 5,814,171\u20ac<br \/>\nRCS Charlottenburg HRB 125506 B<br \/>\nSIRET 29 026 63822<br \/>\nTel.: +(49) 30 57700 850 \u2013 E-mail: <a title=\"Cloud IONOS\" href=\"mailto:info@cloud.ionos.de\">info@cloud.ionos.de<\/a><\/p>\n<p><strong>HEAD OFFICE<\/strong><br \/>\n1&amp;1 Internet SARL<br \/>\n7 place de la Gare \u2013 BP 70109<br \/>\n57200 Sarreguemines Cedex - France<\/p>\n<p>SARL with a capital of 100 000\u20ac<br \/>\nRCS Sarreguemines B 431 303 775<br \/>\nSIRET 431 303 775 000 16<br \/>\nAPE Code: 6201Z<br \/>\nIntra-community identification FR 13 431303775<\/p>\n<p><strong>CONTACT<\/strong><br \/>\nTel.: +33 (9)70 808 911 \u2013 E-mail: <a title=\"1 &amp; 1 IONOS\" href=\"mailto:info@ionos.fr\">info@ionos.fr<\/a><\/p>\n<p><strong>COPYRIGHTS<\/strong><br \/>\nThe \"centre-neurofibromatoses.fr\" site is protected by copyright. The use of all or part of the latter, in particular by reproduction or representation on all media and by all processes, for purposes other than for personal and private use for non-commercial purposes is strictly prohibited without prior written authorisation.<br \/>\nContent and editorial texts: copyright \u00a9 centre-neurofibromatoses.fr<br \/>\nDevelopment and design: copyright \u00a9 divanessa@orange.fr<\/p>\n<p><strong>PRIVACY POLICY<\/strong><br \/>\nSee pages:<\/p>\n<ul>\n<li><a title=\"Utilisation des Cookies\" href=\"https:\/\/cerenef.org\/en\/cookies\/\">Cookies<\/a><\/li>\n<li><a title=\"General Data Protection Regulations\" href=\"https:\/\/cerenef.org\/en\/rgpd\/\">GDPR<\/a><\/li>\n<\/ul>","protected":false},"excerpt":{"rendered":"<p>\u00c9DITION Le site (et ses sous-domaines) \u00ab cerenef.org \u00bb est un site \u00e9dit\u00e9 par le CEntre de Ref\u00e9rence des NEurofibromatoses France (CERENEF), CERENEF 1 rue Gustave Eiffel 94010 Cr\u00e9teil Cedex T\u00e9l.: 01 49 81 25 01 &#8211; E-mail : contact@cerenef.org Date de mise en ligne : 30\/05\/2022. Date de r\u00e9vision : 18\/06\/2023. COORDINATION ET DIRECTION&hellip;&nbsp;<\/p>\n<div class=\"read-more-wrapper\"><a href=\"https:\/\/cerenef.org\/en\/mentions-legales\/\" class=\"button button-secondary\" rel=\"bookmark\">\u279c Read more<span class=\"screen-reader-text\">Legal notices<\/span><\/a><\/div>","protected":false},"author":1,"featured_media":0,"parent":0,"menu_order":3,"comment_status":"closed","ping_status":"closed","template":"","meta":{"neve_meta_sidebar":"","neve_meta_container":"","neve_meta_enable_content_width":"off","neve_meta_content_width":100,"neve_meta_title_alignment":"","neve_meta_author_avatar":"","neve_post_elements_order":"","neve_meta_disable_header":"","neve_meta_disable_footer":"","neve_meta_disable_title":"","neve_meta_reading_time":"","footnotes":""},"class_list":["post-37","page","type-page","status-publish","hentry"],"_links":{"self":[{"href":"https:\/\/cerenef.org\/en\/wp-json\/wp\/v2\/pages\/37","targetHints":{"allow":["GET"]}}],"collection":[{"href":"https:\/\/cerenef.org\/en\/wp-json\/wp\/v2\/pages"}],"about":[{"href":"https:\/\/cerenef.org\/en\/wp-json\/wp\/v2\/types\/page"}],"author":[{"embeddable":true,"href":"https:\/\/cerenef.org\/en\/wp-json\/wp\/v2\/users\/1"}],"replies":[{"embeddable":true,"href":"https:\/\/cerenef.org\/en\/wp-json\/wp\/v2\/comments?post=37"}],"version-history":[{"count":0,"href":"https:\/\/cerenef.org\/en\/wp-json\/wp\/v2\/pages\/37\/revisions"}],"wp:attachment":[{"href":"https:\/\/cerenef.org\/en\/wp-json\/wp\/v2\/media?parent=37"}],"curies":[{"name":"wp","href":"https:\/\/api.w.org\/{rel}","templated":true}]}}