{"id":39,"date":"2021-11-27T14:14:47","date_gmt":"2021-11-27T13:14:47","guid":{"rendered":"https:\/\/cerenef.org\/?page_id=39"},"modified":"2024-01-09T14:01:34","modified_gmt":"2024-01-09T13:01:34","slug":"cookies","status":"publish","type":"page","link":"https:\/\/cerenef.org\/en\/cookies\/","title":{"rendered":"Cookies"},"content":{"rendered":"<p><strong>DEFINITION AND USE<\/strong><br \/>\nA cookie is a piece of information deposited by your browser on your computer (or mobile device) at the request of the sites (and other web servers with which they interact) you visit. It contains several identification and navigation data, stored in a file.<br \/>\nLe site \u00ab cerenef.org \u00bb utilise des cookies de mesure d&rsquo;audience \u00e9mis par Google analytics et page rank : les informations collect\u00e9es gr\u00e2ce \u00e0 ces cookies nous permettent notamment de mesurer le nombre de visites, le parcours et les int\u00e9r\u00eats de nos visiteurs, ainsi que leur fr\u00e9quence de retour. Nous utilisons ces donn\u00e9es afin d&rsquo;am\u00e9liorer nos contenus. Ces cookies ne permettent pas d&rsquo;identifier personnellement nos visiteurs.<\/p>\n<p>En aucun cas, les donn\u00e9es recueillies sur le site (et ses sous domaines) ne seront c\u00e9d\u00e9es ou vendues \u00e0 des tiers \u00e0 des fins de marketing. Aucune adresse e-mail ne sera transmise \u00e0 des tiers. Les donn\u00e9es collect\u00e9es par l\u2019interm\u00e9diaire du formulaire de contact sont destin\u00e9es \u00e0 l\u2019usage exclusif du Pr Pierre Wolkenstein et son \u00e9quipe afin de r\u00e9pondre \u00e0 une demande sp\u00e9cifique.<\/p>\n<p>By continuing to browse our site, you expressly accept the use of the cookies detailed above. However, you can choose to deactivate them at any time by adjusting your browser settings. The rules for setting cookies vary according to the browser.<br \/>\nAny settings made on your web browser concerning the acceptance or refusal of cookies may modify your navigation on the Internet and on our site, as well as your conditions of access to certain services requiring the use of these cookies.<br \/>\nThe configuration of cookie management depends on each browser. It is described in the support menu of your browser.<\/p>\n<p><strong>BROWSER SETTINGS<\/strong><br \/>\n<strong>CHROME<\/strong><br \/>\nClick on the settings icon in the browser toolbar:<\/p>\n<ul>\n<li>Select Settings.<\/li>\n<li>Click on view advanced settings.<\/li>\n<li>In the privacy section, click on the content settings button.<\/li>\n<li>In the cookies section, you can change the following settings:<br \/>\n\u25e6 Delete cookies.<br \/>\n\u25e6 Block cookies by default.<br \/>\n\u25e6 Allow cookies by default.<br \/>\n\u25e6 Set exceptions for cookies from certain websites or domains.<\/li>\n<\/ul>\n<p><strong>FIREFOX<\/strong><br \/>\nClick on the tools button, then on options.<\/p>\n<ul>\n<li>Click on the privacy tab.<\/li>\n<li>In the retention rules section, select use custom settings for history.<\/li>\n<li>Check the accept cookies box and click exceptions to choose which websites are always or never allowed to install cookies on your terminal.<\/li>\n<\/ul>\n<p><strong>MICROSOFT EDGE<\/strong><br \/>\nTo personalize the cookie settings for a website :<\/p>\n<ul>\n<li>In the Microsoft Edge menu, click on tools, then internet options.<\/li>\n<li>Click on the privacy tab, then click on Sites.<\/li>\n<li>In the website address field, type the full address (URL) of the website whose privacy settings you want to customize.<\/li>\n<li>To allow cookies from the specified website to be stored on your computer, click allow.<\/li>\n<li>To prevent the specified website's cookies from being saved on your computer, click on refuse.<\/li>\n<li>Repeat the previous two steps for each website to be blocked or allowed.<\/li>\n<li>When you have finished, click OK twice.<\/li>\n<\/ul>\n<p><strong>OPERA<\/strong><br \/>\nSelect preferences, advanced and then cookies.<\/p>\n<ul>\n<li>The cookie preferences allow you to control how Opera handles cookies. The default setting is to accept all cookies.<\/li>\n<li>Accept cookies:<br \/>\n\u25e6 All cookies are accepted (default).<\/li>\n<li>Accept only those of the visited site:<br \/>\n\u25e6 Third party cookies, from a domain outside the one I visit, are refused.<\/li>\n<li>Never accept cookies:<br \/>\n\u25e6 All cookies are refused.<\/li>\n<\/ul>\n<p><strong>SAFARI<\/strong><\/p>\n<ul>\n<li>Go to preferences, then click on the privacy tab, and on set cookies.<\/li>\n<\/ul>\n<p><strong>Please note again that deactivating cookies may reduce or prevent access to some or all of the features of your web browsing.<\/strong><\/p>","protected":false},"excerpt":{"rendered":"<p>D\u00c9FINITION ET UTILISATION Un cookie est une information d\u00e9pos\u00e9e, par votre navigateur, sur votre ordinateur (ou p\u00e9riph\u00e9rique portable), \u00e0 la demande des sites (et autres serveurs web avec lesquels ils interagissent) que vous visitez. Il contient plusieurs donn\u00e9es d&rsquo;identification et de navigation, stock\u00e9es dans un fichier. Le site \u00ab cerenef.org \u00bb utilise des cookies de&hellip;&nbsp;<\/p>\n<div class=\"read-more-wrapper\"><a href=\"https:\/\/cerenef.org\/en\/cookies\/\" class=\"button button-secondary\" rel=\"bookmark\">\u279c Read more<span class=\"screen-reader-text\">Cookies<\/span><\/a><\/div>","protected":false},"author":1,"featured_media":0,"parent":0,"menu_order":2,"comment_status":"closed","ping_status":"closed","template":"","meta":{"neve_meta_sidebar":"","neve_meta_container":"","neve_meta_enable_content_width":"off","neve_meta_content_width":100,"neve_meta_title_alignment":"","neve_meta_author_avatar":"","neve_post_elements_order":"","neve_meta_disable_header":"","neve_meta_disable_footer":"","neve_meta_disable_title":"","neve_meta_reading_time":"","footnotes":""},"class_list":["post-39","page","type-page","status-publish","hentry"],"_links":{"self":[{"href":"https:\/\/cerenef.org\/en\/wp-json\/wp\/v2\/pages\/39","targetHints":{"allow":["GET"]}}],"collection":[{"href":"https:\/\/cerenef.org\/en\/wp-json\/wp\/v2\/pages"}],"about":[{"href":"https:\/\/cerenef.org\/en\/wp-json\/wp\/v2\/types\/page"}],"author":[{"embeddable":true,"href":"https:\/\/cerenef.org\/en\/wp-json\/wp\/v2\/users\/1"}],"replies":[{"embeddable":true,"href":"https:\/\/cerenef.org\/en\/wp-json\/wp\/v2\/comments?post=39"}],"version-history":[{"count":0,"href":"https:\/\/cerenef.org\/en\/wp-json\/wp\/v2\/pages\/39\/revisions"}],"wp:attachment":[{"href":"https:\/\/cerenef.org\/en\/wp-json\/wp\/v2\/media?parent=39"}],"curies":[{"name":"wp","href":"https:\/\/api.w.org\/{rel}","templated":true}]}}